{"id":451,"date":"2024-07-01T21:41:58","date_gmt":"2024-07-01T19:41:58","guid":{"rendered":"https:\/\/chretiensmonderural49.fr\/?page_id=451"},"modified":"2024-10-23T17:56:04","modified_gmt":"2024-10-23T15:56:04","slug":"nos-territoires","status":"publish","type":"page","link":"https:\/\/chretiensmonderural49.fr\/index.php\/nos-territoires\/","title":{"rendered":"Notre territoire"},"content":{"rendered":"\n<p class=\"has-medium-font-size\"><strong>Notre territoire :<\/strong><\/p>\n\n\n\n<p class=\"has-medium-font-size\">Le CMR 49 est pr\u00e9sent sur tout le d\u00e9partement du Maine et Loire. Il est constitu\u00e9 de : <\/p>\n\n\n\n<ul class=\"wp-block-list\">\n<li class=\"has-medium-font-size\"><strong>304 Adh\u00e9rents&nbsp;<\/strong><\/li>\n<\/ul>\n\n\n\n<ul class=\"wp-block-list\">\n<li class=\"has-medium-font-size\"><strong>44 \u00c9quipes<\/strong><\/li>\n<\/ul>\n\n\n<h3><span style=\"color: #008000;\">Carte des \u00e9quipes CMR en 2024<\/span> :\u00a0<a href=\"http:\/\/chretiensmonderural49.fr\/wp-content\/uploads\/2024\/07\/carte-equipes-2024-1.pdf\">carte \u00e9quipes 2024-1<\/a><\/h3>\n\n\n<figure class=\"wp-block-image size-full is-resized\"><img loading=\"lazy\" decoding=\"async\" width=\"1024\" height=\"726\" src=\"http:\/\/chretiensmonderural49.fr\/wp-content\/uploads\/2024\/07\/Carte-des-equipes-CMR-2024.jpg\" alt=\"\" class=\"wp-image-775\" style=\"width:1079px;height:auto\" srcset=\"https:\/\/chretiensmonderural49.fr\/wp-content\/uploads\/2024\/07\/Carte-des-equipes-CMR-2024.jpg 1024w, https:\/\/chretiensmonderural49.fr\/wp-content\/uploads\/2024\/07\/Carte-des-equipes-CMR-2024-300x213.jpg 300w, https:\/\/chretiensmonderural49.fr\/wp-content\/uploads\/2024\/07\/Carte-des-equipes-CMR-2024-768x545.jpg 768w\" sizes=\"auto, (max-width: 1024px) 100vw, 1024px\" \/><\/figure>\n\n\n\n<div style=\"height:16px\" aria-hidden=\"true\" class=\"wp-block-spacer\"><\/div>\n\n\n\n<figure class=\"wp-block-gallery has-nested-images columns-default is-cropped wp-block-gallery-1 is-layout-flex wp-block-gallery-is-layout-flex\">\n<figure class=\"wp-block-image size-large\"><img loading=\"lazy\" decoding=\"async\" width=\"1024\" height=\"576\" data-id=\"1076\" src=\"https:\/\/chretiensmonderural49.fr\/wp-content\/uploads\/2024\/10\/1-1-1024x576.png\" alt=\"\" class=\"wp-image-1076\" srcset=\"https:\/\/chretiensmonderural49.fr\/wp-content\/uploads\/2024\/10\/1-1-1024x576.png 1024w, https:\/\/chretiensmonderural49.fr\/wp-content\/uploads\/2024\/10\/1-1-300x169.png 300w, https:\/\/chretiensmonderural49.fr\/wp-content\/uploads\/2024\/10\/1-1-768x432.png 768w, https:\/\/chretiensmonderural49.fr\/wp-content\/uploads\/2024\/10\/1-1-800x450.png 800w, https:\/\/chretiensmonderural49.fr\/wp-content\/uploads\/2024\/10\/1-1.png 1366w\" sizes=\"auto, (max-width: 1024px) 100vw, 1024px\" \/><\/figure>\n\n\n\n<figure class=\"wp-block-image size-large\"><img loading=\"lazy\" decoding=\"async\" width=\"1024\" height=\"576\" data-id=\"1068\" src=\"https:\/\/chretiensmonderural49.fr\/wp-content\/uploads\/2024\/10\/2-1024x576.png\" alt=\"\" class=\"wp-image-1068\" srcset=\"https:\/\/chretiensmonderural49.fr\/wp-content\/uploads\/2024\/10\/2-1024x576.png 1024w, https:\/\/chretiensmonderural49.fr\/wp-content\/uploads\/2024\/10\/2-300x169.png 300w, https:\/\/chretiensmonderural49.fr\/wp-content\/uploads\/2024\/10\/2-768x432.png 768w, https:\/\/chretiensmonderural49.fr\/wp-content\/uploads\/2024\/10\/2-800x450.png 800w, https:\/\/chretiensmonderural49.fr\/wp-content\/uploads\/2024\/10\/2.png 1366w\" sizes=\"auto, (max-width: 1024px) 100vw, 1024px\" \/><\/figure>\n\n\n\n<figure class=\"wp-block-image size-large\"><img loading=\"lazy\" decoding=\"async\" width=\"1024\" height=\"576\" data-id=\"1075\" src=\"https:\/\/chretiensmonderural49.fr\/wp-content\/uploads\/2024\/10\/3-1024x576.png\" alt=\"\" class=\"wp-image-1075\" srcset=\"https:\/\/chretiensmonderural49.fr\/wp-content\/uploads\/2024\/10\/3-1024x576.png 1024w, https:\/\/chretiensmonderural49.fr\/wp-content\/uploads\/2024\/10\/3-300x169.png 300w, https:\/\/chretiensmonderural49.fr\/wp-content\/uploads\/2024\/10\/3-768x432.png 768w, https:\/\/chretiensmonderural49.fr\/wp-content\/uploads\/2024\/10\/3-800x450.png 800w, https:\/\/chretiensmonderural49.fr\/wp-content\/uploads\/2024\/10\/3.png 1366w\" sizes=\"auto, (max-width: 1024px) 100vw, 1024px\" \/><\/figure>\n\n\n\n<figure class=\"wp-block-image size-large\"><img loading=\"lazy\" decoding=\"async\" width=\"1024\" height=\"576\" data-id=\"1064\" src=\"https:\/\/chretiensmonderural49.fr\/wp-content\/uploads\/2024\/10\/4-1024x576.png\" alt=\"\" class=\"wp-image-1064\" srcset=\"https:\/\/chretiensmonderural49.fr\/wp-content\/uploads\/2024\/10\/4-1024x576.png 1024w, https:\/\/chretiensmonderural49.fr\/wp-content\/uploads\/2024\/10\/4-300x169.png 300w, https:\/\/chretiensmonderural49.fr\/wp-content\/uploads\/2024\/10\/4-768x432.png 768w, https:\/\/chretiensmonderural49.fr\/wp-content\/uploads\/2024\/10\/4-800x450.png 800w, https:\/\/chretiensmonderural49.fr\/wp-content\/uploads\/2024\/10\/4.png 1366w\" sizes=\"auto, (max-width: 1024px) 100vw, 1024px\" \/><\/figure>\n\n\n\n<figure class=\"wp-block-image size-large\"><img loading=\"lazy\" decoding=\"async\" width=\"1024\" height=\"576\" data-id=\"1073\" src=\"https:\/\/chretiensmonderural49.fr\/wp-content\/uploads\/2024\/10\/5-1024x576.png\" alt=\"\" class=\"wp-image-1073\" srcset=\"https:\/\/chretiensmonderural49.fr\/wp-content\/uploads\/2024\/10\/5-1024x576.png 1024w, https:\/\/chretiensmonderural49.fr\/wp-content\/uploads\/2024\/10\/5-300x169.png 300w, https:\/\/chretiensmonderural49.fr\/wp-content\/uploads\/2024\/10\/5-768x432.png 768w, https:\/\/chretiensmonderural49.fr\/wp-content\/uploads\/2024\/10\/5-800x450.png 800w, https:\/\/chretiensmonderural49.fr\/wp-content\/uploads\/2024\/10\/5.png 1366w\" sizes=\"auto, (max-width: 1024px) 100vw, 1024px\" \/><\/figure>\n\n\n\n<figure class=\"wp-block-image size-large\"><img loading=\"lazy\" decoding=\"async\" width=\"1366\" height=\"768\" data-id=\"1066\" src=\"https:\/\/chretiensmonderural49.fr\/wp-content\/uploads\/2024\/10\/6-1024x576.png\" alt=\"\" class=\"wp-image-1066\" srcset=\"https:\/\/chretiensmonderural49.fr\/wp-content\/uploads\/2024\/10\/6-1024x576.png 1024w, https:\/\/chretiensmonderural49.fr\/wp-content\/uploads\/2024\/10\/6-300x169.png 300w, https:\/\/chretiensmonderural49.fr\/wp-content\/uploads\/2024\/10\/6-768x432.png 768w, https:\/\/chretiensmonderural49.fr\/wp-content\/uploads\/2024\/10\/6-800x450.png 800w, https:\/\/chretiensmonderural49.fr\/wp-content\/uploads\/2024\/10\/6.png 1366w\" sizes=\"auto, (max-width: 1366px) 100vw, 1366px\" \/><\/figure>\n\n\n\n<figure class=\"wp-block-image size-large\"><img loading=\"lazy\" decoding=\"async\" width=\"1024\" height=\"576\" data-id=\"1072\" src=\"https:\/\/chretiensmonderural49.fr\/wp-content\/uploads\/2024\/10\/7-1024x576.png\" alt=\"\" class=\"wp-image-1072\" srcset=\"https:\/\/chretiensmonderural49.fr\/wp-content\/uploads\/2024\/10\/7-1024x576.png 1024w, https:\/\/chretiensmonderural49.fr\/wp-content\/uploads\/2024\/10\/7-300x169.png 300w, https:\/\/chretiensmonderural49.fr\/wp-content\/uploads\/2024\/10\/7-768x432.png 768w, https:\/\/chretiensmonderural49.fr\/wp-content\/uploads\/2024\/10\/7-800x450.png 800w, https:\/\/chretiensmonderural49.fr\/wp-content\/uploads\/2024\/10\/7.png 1366w\" sizes=\"auto, (max-width: 1024px) 100vw, 1024px\" \/><\/figure>\n\n\n\n<figure class=\"wp-block-image size-large\"><img loading=\"lazy\" decoding=\"async\" width=\"1024\" height=\"576\" data-id=\"1065\" src=\"https:\/\/chretiensmonderural49.fr\/wp-content\/uploads\/2024\/10\/8-1024x576.png\" alt=\"\" class=\"wp-image-1065\" srcset=\"https:\/\/chretiensmonderural49.fr\/wp-content\/uploads\/2024\/10\/8-1024x576.png 1024w, https:\/\/chretiensmonderural49.fr\/wp-content\/uploads\/2024\/10\/8-300x169.png 300w, https:\/\/chretiensmonderural49.fr\/wp-content\/uploads\/2024\/10\/8-768x432.png 768w, https:\/\/chretiensmonderural49.fr\/wp-content\/uploads\/2024\/10\/8-800x450.png 800w, https:\/\/chretiensmonderural49.fr\/wp-content\/uploads\/2024\/10\/8.png 1366w\" sizes=\"auto, (max-width: 1024px) 100vw, 1024px\" \/><\/figure>\n\n\n\n<figure class=\"wp-block-image size-large\"><img loading=\"lazy\" decoding=\"async\" width=\"1024\" height=\"576\" data-id=\"1077\" src=\"https:\/\/chretiensmonderural49.fr\/wp-content\/uploads\/2024\/10\/9-1024x576.png\" alt=\"\" class=\"wp-image-1077\" srcset=\"https:\/\/chretiensmonderural49.fr\/wp-content\/uploads\/2024\/10\/9-1024x576.png 1024w, https:\/\/chretiensmonderural49.fr\/wp-content\/uploads\/2024\/10\/9-300x169.png 300w, https:\/\/chretiensmonderural49.fr\/wp-content\/uploads\/2024\/10\/9-768x432.png 768w, https:\/\/chretiensmonderural49.fr\/wp-content\/uploads\/2024\/10\/9-800x450.png 800w, https:\/\/chretiensmonderural49.fr\/wp-content\/uploads\/2024\/10\/9.png 1366w\" sizes=\"auto, (max-width: 1024px) 100vw, 1024px\" \/><\/figure>\n\n\n\n<figure class=\"wp-block-image size-large\"><img loading=\"lazy\" decoding=\"async\" width=\"1024\" height=\"576\" data-id=\"1070\" src=\"https:\/\/chretiensmonderural49.fr\/wp-content\/uploads\/2024\/10\/10-1024x576.png\" alt=\"\" class=\"wp-image-1070\" srcset=\"https:\/\/chretiensmonderural49.fr\/wp-content\/uploads\/2024\/10\/10-1024x576.png 1024w, https:\/\/chretiensmonderural49.fr\/wp-content\/uploads\/2024\/10\/10-300x169.png 300w, https:\/\/chretiensmonderural49.fr\/wp-content\/uploads\/2024\/10\/10-768x432.png 768w, https:\/\/chretiensmonderural49.fr\/wp-content\/uploads\/2024\/10\/10-800x450.png 800w, https:\/\/chretiensmonderural49.fr\/wp-content\/uploads\/2024\/10\/10.png 1366w\" sizes=\"auto, (max-width: 1024px) 100vw, 1024px\" \/><\/figure>\n\n\n\n<figure class=\"wp-block-image size-large\"><img loading=\"lazy\" decoding=\"async\" width=\"1024\" height=\"576\" data-id=\"1071\" src=\"https:\/\/chretiensmonderural49.fr\/wp-content\/uploads\/2024\/10\/11-1024x576.png\" alt=\"\" class=\"wp-image-1071\" srcset=\"https:\/\/chretiensmonderural49.fr\/wp-content\/uploads\/2024\/10\/11-1024x576.png 1024w, https:\/\/chretiensmonderural49.fr\/wp-content\/uploads\/2024\/10\/11-300x169.png 300w, https:\/\/chretiensmonderural49.fr\/wp-content\/uploads\/2024\/10\/11-768x432.png 768w, https:\/\/chretiensmonderural49.fr\/wp-content\/uploads\/2024\/10\/11-800x450.png 800w, https:\/\/chretiensmonderural49.fr\/wp-content\/uploads\/2024\/10\/11.png 1366w\" sizes=\"auto, (max-width: 1024px) 100vw, 1024px\" \/><\/figure>\n\n\n\n<figure class=\"wp-block-image size-large\"><img loading=\"lazy\" decoding=\"async\" width=\"1024\" height=\"576\" data-id=\"1067\" src=\"https:\/\/chretiensmonderural49.fr\/wp-content\/uploads\/2024\/10\/12-1024x576.png\" alt=\"\" class=\"wp-image-1067\" srcset=\"https:\/\/chretiensmonderural49.fr\/wp-content\/uploads\/2024\/10\/12-1024x576.png 1024w, https:\/\/chretiensmonderural49.fr\/wp-content\/uploads\/2024\/10\/12-300x169.png 300w, https:\/\/chretiensmonderural49.fr\/wp-content\/uploads\/2024\/10\/12-768x432.png 768w, https:\/\/chretiensmonderural49.fr\/wp-content\/uploads\/2024\/10\/12-800x450.png 800w, https:\/\/chretiensmonderural49.fr\/wp-content\/uploads\/2024\/10\/12.png 1366w\" sizes=\"auto, (max-width: 1024px) 100vw, 1024px\" \/><\/figure>\n\n\n\n<figure class=\"wp-block-image size-large\"><img loading=\"lazy\" decoding=\"async\" width=\"1024\" height=\"576\" data-id=\"1074\" src=\"https:\/\/chretiensmonderural49.fr\/wp-content\/uploads\/2024\/10\/13-1024x576.png\" alt=\"\" class=\"wp-image-1074\" srcset=\"https:\/\/chretiensmonderural49.fr\/wp-content\/uploads\/2024\/10\/13-1024x576.png 1024w, https:\/\/chretiensmonderural49.fr\/wp-content\/uploads\/2024\/10\/13-300x169.png 300w, https:\/\/chretiensmonderural49.fr\/wp-content\/uploads\/2024\/10\/13-768x432.png 768w, https:\/\/chretiensmonderural49.fr\/wp-content\/uploads\/2024\/10\/13-800x450.png 800w, https:\/\/chretiensmonderural49.fr\/wp-content\/uploads\/2024\/10\/13.png 1366w\" sizes=\"auto, (max-width: 1024px) 100vw, 1024px\" \/><\/figure>\n\n\n\n<figure class=\"wp-block-image size-large\"><img loading=\"lazy\" decoding=\"async\" width=\"1024\" height=\"576\" data-id=\"1069\" src=\"https:\/\/chretiensmonderural49.fr\/wp-content\/uploads\/2024\/10\/14-1024x576.png\" alt=\"\" class=\"wp-image-1069\" srcset=\"https:\/\/chretiensmonderural49.fr\/wp-content\/uploads\/2024\/10\/14-1024x576.png 1024w, https:\/\/chretiensmonderural49.fr\/wp-content\/uploads\/2024\/10\/14-300x169.png 300w, https:\/\/chretiensmonderural49.fr\/wp-content\/uploads\/2024\/10\/14-768x432.png 768w, https:\/\/chretiensmonderural49.fr\/wp-content\/uploads\/2024\/10\/14-800x450.png 800w, https:\/\/chretiensmonderural49.fr\/wp-content\/uploads\/2024\/10\/14.png 1366w\" sizes=\"auto, (max-width: 1024px) 100vw, 1024px\" \/><\/figure>\n<\/figure>\n\n\n\n<p><\/p>\n","protected":false},"excerpt":{"rendered":"<p>Notre territoire : Le CMR 49 est pr\u00e9sent sur tout le d\u00e9partement du Maine et Loire. Il est constitu\u00e9 de : Carte des \u00e9quipes CMR en 2024 :\u00a0carte \u00e9quipes 2024-1<\/p>\n","protected":false},"author":2,"featured_media":0,"parent":0,"menu_order":0,"comment_status":"closed","ping_status":"closed","template":"","meta":{"footnotes":""},"class_list":["post-451","page","type-page","status-publish","hentry","entry"],"_links":{"self":[{"href":"https:\/\/chretiensmonderural49.fr\/index.php\/wp-json\/wp\/v2\/pages\/451","targetHints":{"allow":["GET"]}}],"collection":[{"href":"https:\/\/chretiensmonderural49.fr\/index.php\/wp-json\/wp\/v2\/pages"}],"about":[{"href":"https:\/\/chretiensmonderural49.fr\/index.php\/wp-json\/wp\/v2\/types\/page"}],"author":[{"embeddable":true,"href":"https:\/\/chretiensmonderural49.fr\/index.php\/wp-json\/wp\/v2\/users\/2"}],"replies":[{"embeddable":true,"href":"https:\/\/chretiensmonderural49.fr\/index.php\/wp-json\/wp\/v2\/comments?post=451"}],"version-history":[{"count":6,"href":"https:\/\/chretiensmonderural49.fr\/index.php\/wp-json\/wp\/v2\/pages\/451\/revisions"}],"predecessor-version":[{"id":1078,"href":"https:\/\/chretiensmonderural49.fr\/index.php\/wp-json\/wp\/v2\/pages\/451\/revisions\/1078"}],"wp:attachment":[{"href":"https:\/\/chretiensmonderural49.fr\/index.php\/wp-json\/wp\/v2\/media?parent=451"}],"curies":[{"name":"wp","href":"https:\/\/api.w.org\/{rel}","templated":true}]}}